{"id":229762,"date":"2024-12-15T16:55:54","date_gmt":"2024-12-15T16:55:54","guid":{"rendered":"https:\/\/mindbridge.hu\/?page_id=229762"},"modified":"2024-12-15T16:56:15","modified_gmt":"2024-12-15T16:56:15","slug":"impresszum","status":"publish","type":"page","link":"https:\/\/mindbridge.hu\/en\/impresszum\/","title":{"rendered":"Impresszum"},"content":{"rendered":"<p>[et_pb_section fb_built=&#8221;1&#8243; admin_label=&#8221;Header&#8221; _builder_version=&#8221;4.21.0&#8243; _module_preset=&#8221;default&#8221; custom_padding=&#8221;0px||0px|||&#8221; locked=&#8221;off&#8221; collapsed=&#8221;off&#8221; global_colors_info=&#8221;{}&#8221; theme_builder_area=&#8221;post_content&#8221;][et_pb_row _builder_version=&#8221;4.21.0&#8243; _module_preset=&#8221;default&#8221; custom_padding=&#8221;||0px|||&#8221; global_colors_info=&#8221;{}&#8221; theme_builder_area=&#8221;post_content&#8221;][et_pb_column type=&#8221;4_4&#8243; _builder_version=&#8221;4.21.0&#8243; _module_preset=&#8221;default&#8221; global_colors_info=&#8221;{}&#8221; theme_builder_area=&#8221;post_content&#8221;][et_pb_text _builder_version=&#8221;4.24.2&#8243; _module_preset=&#8221;ba75992e-4295-48de-b7e4-f9ef3c793407&#8243; header_font=&#8221;Raleway|700|||||||&#8221; header_font_size=&#8221;40px&#8221; header_line_height=&#8221;1.2em&#8221; header_font_size_tablet=&#8221;40px&#8221; header_font_size_phone=&#8221;24px&#8221; header_font_size_last_edited=&#8221;on|phone&#8221; global_colors_info=&#8221;%91%93&#8243; theme_builder_area=&#8221;post_content&#8221;]<\/p>\n<h1 style=\"text-align: center;\">Impresszum<\/h1>\n<p>[\/et_pb_text][\/et_pb_column][\/et_pb_row][\/et_pb_section][et_pb_section fb_built=&#8221;1&#8243; admin_label=&#8221;Contact Info &#038; Form&#8221; _builder_version=&#8221;4.21.0&#8243; _module_preset=&#8221;default&#8221; custom_padding=&#8221;0px||5px||false|false&#8221; collapsed=&#8221;off&#8221; global_colors_info=&#8221;{}&#8221; theme_builder_area=&#8221;post_content&#8221;][et_pb_row _builder_version=&#8221;4.24.2&#8243; _module_preset=&#8221;default&#8221; global_colors_info=&#8221;{}&#8221; theme_builder_area=&#8221;post_content&#8221;][et_pb_column type=&#8221;4_4&#8243; _builder_version=&#8221;4.21.0&#8243; _module_preset=&#8221;default&#8221; global_colors_info=&#8221;{}&#8221; theme_builder_area=&#8221;post_content&#8221;][et_pb_text _builder_version=&#8221;4.27.0&#8243; _module_preset=&#8221;ba75992e-4295-48de-b7e4-f9ef3c793407&#8243; header_font=&#8221;Raleway|700|||||||&#8221; header_font_size=&#8221;18px&#8221; header_line_height=&#8221;1.2em&#8221; custom_margin=&#8221;||-3px|||&#8221; header_font_size_tablet=&#8221;40px&#8221; header_font_size_phone=&#8221;24px&#8221; header_font_size_last_edited=&#8221;on|phone&#8221; global_colors_info=&#8221;%91%93&#8243; theme_builder_area=&#8221;post_content&#8221;]<\/p>\n<p style=\"text-align: center;\">A weboldal tulajdonos\u00e1nak neve: <strong>Mind Bridge Kft.<\/strong><br \/>A weboldal tulajdonos\u00e1nak c\u00edme: <strong>8142 \u00darhida, Szegf\u0171 utca 13\/2.<\/strong><br \/>El\u00e9rhet\u0151s\u00e9gi adatok: <strong>+3620 467 9022 <span>|<\/span><span>\u00a0<\/span>hello@erzelemsuli.hu<\/strong><br \/>A weboldal vezet\u0151j\u00e9nek vagy tulajdonos\u00e1nak neve: <strong>Gr\u00f3sz \u00c1kos<\/strong><br \/>Ad\u00f3sz\u00e1m:\u00a0<strong>23384778-1-07<\/strong><br \/>C\u00e9gjegyz\u00e9ksz\u00e1m: <strong>07-09-020559<\/strong><br \/>B\u00e1rmilyen szakmai kapcsolat vagy tags\u00e1g<br \/>A weboldalon tal\u00e1lhat\u00f3 tartalom szerz\u0151i jogi inform\u00e1ci\u00f3i: <strong>Minden jog fenntartva! \u00a9 Mind Bridge Kft.<\/strong><br \/><a href=\"https:\/\/erzelemsuli.hu\/adatvedelmi-szabalyzat\/\" target=\"_blank\" rel=\"noopener\"><strong>Adatv\u00e9delmi Szab\u00e1lyzat<\/strong><\/a><br \/><strong><a href=\"https:\/\/erzelemsuli.hu\/aszf\/\" target=\"_blank\" rel=\"noopener\">\u00c1ltal\u00e1nos Szerz\u0151d\u00e9si Felt\u00e9telek<\/a><\/strong><br \/><strong><a href=\"https:\/\/erzelemsuli.hu\/suti-szabalyzat\/\" target=\"_blank\" rel=\"noopener\">&#8222;S\u00fcti&#8221; Szab\u00e1lyzat<\/a><\/strong><\/p>\n<p>[\/et_pb_text][\/et_pb_column][\/et_pb_row][\/et_pb_section]<\/p>\n","protected":false},"excerpt":{"rendered":"<p>ImpresszumA weboldal tulajdonos\u00e1nak neve: Mind Bridge Kft.A weboldal tulajdonos\u00e1nak c\u00edme: 8142 \u00darhida, Szegf\u0171 utca 13\/2.El\u00e9rhet\u0151s\u00e9gi adatok: +3620 467 9022 |\u00a0hello@erzelemsuli.huA weboldal vezet\u0151j\u00e9nek vagy tulajdonos\u00e1nak neve: Gr\u00f3sz \u00c1kosAd\u00f3sz\u00e1m:\u00a023384778-1-07C\u00e9gjegyz\u00e9ksz\u00e1m: 07-09-020559B\u00e1rmilyen szakmai kapcsolat vagy tags\u00e1gA weboldalon tal\u00e1lhat\u00f3 tartalom szerz\u0151i jogi inform\u00e1ci\u00f3i: Minden jog fenntartva! \u00a9 Mind Bridge Kft.Adatv\u00e9delmi Szab\u00e1lyzat\u00c1ltal\u00e1nos Szerz\u0151d\u00e9si Felt\u00e9telek&#8221;S\u00fcti&#8221; Szab\u00e1lyzat<\/p>","protected":false},"author":1,"featured_media":0,"parent":0,"menu_order":0,"comment_status":"closed","ping_status":"closed","template":"","meta":{"_et_pb_use_builder":"on","_et_pb_old_content":"","_et_gb_content_width":"","footnotes":""},"class_list":["post-229762","page","type-page","status-publish","hentry"],"_links":{"self":[{"href":"https:\/\/mindbridge.hu\/en\/wp-json\/wp\/v2\/pages\/229762","targetHints":{"allow":["GET"]}}],"collection":[{"href":"https:\/\/mindbridge.hu\/en\/wp-json\/wp\/v2\/pages"}],"about":[{"href":"https:\/\/mindbridge.hu\/en\/wp-json\/wp\/v2\/types\/page"}],"author":[{"embeddable":true,"href":"https:\/\/mindbridge.hu\/en\/wp-json\/wp\/v2\/users\/1"}],"replies":[{"embeddable":true,"href":"https:\/\/mindbridge.hu\/en\/wp-json\/wp\/v2\/comments?post=229762"}],"version-history":[{"count":3,"href":"https:\/\/mindbridge.hu\/en\/wp-json\/wp\/v2\/pages\/229762\/revisions"}],"predecessor-version":[{"id":229765,"href":"https:\/\/mindbridge.hu\/en\/wp-json\/wp\/v2\/pages\/229762\/revisions\/229765"}],"wp:attachment":[{"href":"https:\/\/mindbridge.hu\/en\/wp-json\/wp\/v2\/media?parent=229762"}],"curies":[{"name":"wp","href":"https:\/\/api.w.org\/{rel}","templated":true}]}}