{"id":229766,"date":"2024-12-15T16:57:48","date_gmt":"2024-12-15T16:57:48","guid":{"rendered":"https:\/\/mindbridge.hu\/?page_id=229766"},"modified":"2024-12-15T16:59:29","modified_gmt":"2024-12-15T16:59:29","slug":"adatvedelmi-szabalyzat","status":"publish","type":"page","link":"https:\/\/mindbridge.hu\/en\/adatvedelmi-szabalyzat\/","title":{"rendered":"Privacy Policy"},"content":{"rendered":"<p>[et_pb_section fb_built=&#8221;1&#8243; _builder_version=&#8221;4.16&#8243; custom_padding=&#8221;3px||0px|||&#8221; global_colors_info=&#8221;{}&#8221; theme_builder_area=&#8221;post_content&#8221;][et_pb_row _builder_version=&#8221;4.16&#8243; background_size=&#8221;initial&#8221; background_position=&#8221;top_left&#8221; background_repeat=&#8221;repeat&#8221; global_colors_info=&#8221;{}&#8221; theme_builder_area=&#8221;post_content&#8221;][et_pb_column type=&#8221;4_4&#8243; _builder_version=&#8221;4.16&#8243; custom_padding=&#8221;|||&#8221; global_colors_info=&#8221;{}&#8221; custom_padding__hover=&#8221;|||&#8221; theme_builder_area=&#8221;post_content&#8221;][et_pb_text _builder_version=&#8221;4.24.0&#8243; _module_preset=&#8221;ba75992e-4295-48de-b7e4-f9ef3c793407&#8243; text_font=&#8221;Raleway||||||||&#8221; header_font=&#8221;Raleway|700|||||||&#8221; header_text_color=&#8221;#c7244a&#8221; header_font_size=&#8221;40px&#8221; header_line_height=&#8221;1.2em&#8221; header_font_size_tablet=&#8221;40px&#8221; header_font_size_phone=&#8221;24px&#8221; header_font_size_last_edited=&#8221;on|phone&#8221; global_colors_info=&#8221;%91%93&#8243; theme_builder_area=&#8221;post_content&#8221;]<\/p>\n<h1 style=\"text-align: center;\"><span>Adatv\u00e9delmi Szab\u00e1lyzat<\/span><\/h1>\n<p style=\"text-align: center;\"><span>Hat\u00e1lyos d\u00e1tum: 2024. janu\u00e1r 16.<br \/>Utols\u00f3 friss\u00edt\u00e9s: 2024. janu\u00e1r 16.<\/span><\/p>\n<p>[\/et_pb_text][\/et_pb_column][\/et_pb_row][\/et_pb_section][et_pb_section fb_built=&#8221;1&#8243; _builder_version=&#8221;4.16&#8243; custom_padding=&#8221;0px||0px|||&#8221; global_colors_info=&#8221;{}&#8221; theme_builder_area=&#8221;post_content&#8221;][et_pb_row _builder_version=&#8221;4.16&#8243; background_size=&#8221;initial&#8221; background_position=&#8221;top_left&#8221; background_repeat=&#8221;repeat&#8221; global_colors_info=&#8221;{}&#8221; theme_builder_area=&#8221;post_content&#8221;][et_pb_column type=&#8221;4_4&#8243; _builder_version=&#8221;4.16&#8243; custom_padding=&#8221;|||&#8221; global_colors_info=&#8221;{}&#8221; custom_padding__hover=&#8221;|||&#8221; theme_builder_area=&#8221;post_content&#8221;][et_pb_text _builder_version=&#8221;4.24.0&#8243; text_font=&#8221;Raleway||||||||&#8221; header_font=&#8221;Raleway|700|||||||&#8221; header_3_font=&#8221;Raleway|700|||||||&#8221; background_size=&#8221;initial&#8221; background_position=&#8221;top_left&#8221; background_repeat=&#8221;repeat&#8221; global_colors_info=&#8221;%91%93&#8243; theme_builder_area=&#8221;post_content&#8221;]<\/p>\n<p>A jelen adatv\u00e9delmi szab\u00e1lyzat a<br \/>C\u00e9gn\u00e9v: Mind Bridge\u00a0Kft.,<br \/>Sz\u00e9khely: Magyarorsz\u00e1g, 8142 \u00darhida, Szegf\u0171 utca 13\/2<br \/>E-mail: <a href=\"mailto:hello@erzelemsuli.hu,\">hello@erzelemsuli.hu,<\/a><br \/>Telefon: +36204679022<br \/>Weboldalunk ( https:\/\/erzelemsuli.hu )<br \/>haszn\u00e1lata sor\u00e1n gy\u0171jt\u00f6tt adatainak gy\u0171jt\u00e9s\u00e9re, felhaszn\u00e1l\u00e1s\u00e1ra \u00e9s k\u00f6zz\u00e9t\u00e9tel\u00e9re vonatkoz\u00f3an. (a &#8222;Szolg\u00e1ltat\u00e1s&#8221;).<\/p>\n<p>A Szolg\u00e1ltat\u00e1shoz val\u00f3 hozz\u00e1f\u00e9r\u00e9ssel vagy annak haszn\u00e1lat\u00e1val \u00d6n beleegyez\u00e9s\u00e9t adja az \u00d6n adatainak a jelen Adatv\u00e9delmi Szab\u00e1lyzatnak megfelel\u0151 gy\u0171jt\u00e9s\u00e9hez, felhaszn\u00e1l\u00e1s\u00e1hoz \u00e9s k\u00f6zz\u00e9t\u00e9tel\u00e9hez. Ha nem j\u00e1rul hozz\u00e1, k\u00e9rj\u00fck, ne l\u00e9pjen be a Szolg\u00e1ltat\u00e1sba \u00e9s ne haszn\u00e1lja azt.<\/p>\n<p>A jelen Adatv\u00e9delmi szab\u00e1lyzatot b\u00e1rmikor, az \u00d6n el\u0151zetes \u00e9rtes\u00edt\u00e9se n\u00e9lk\u00fcl m\u00f3dos\u00edthatjuk, \u00e9s a m\u00f3dos\u00edtott Adatv\u00e9delmi szab\u00e1lyzatot k\u00f6zz\u00e9tessz\u00fck a Szolg\u00e1ltat\u00e1son. A m\u00f3dos\u00edtott Szab\u00e1lyzat a m\u00f3dos\u00edtott Szab\u00e1lyzatnak a Szolg\u00e1ltat\u00e1sban val\u00f3 k\u00f6zz\u00e9t\u00e9tel\u00e9t\u0151l sz\u00e1m\u00edtott 180 nap eltelt\u00e9vel l\u00e9p hat\u00e1lyba, \u00e9s a Szolg\u00e1ltat\u00e1shoz val\u00f3 tov\u00e1bbi hozz\u00e1f\u00e9r\u00e9se vagy haszn\u00e1lata ezen id\u0151pontot k\u00f6vet\u0151en a m\u00f3dos\u00edtott Adatv\u00e9delmi Szab\u00e1lyzat elfogad\u00e1s\u00e1nak min\u0151s\u00fcl. Ez\u00e9rt javasoljuk, hogy rendszeresen tekintse \u00e1t ezt az oldalt.<\/p>\n<p>Az Adatv\u00e9delmi Szab\u00e1lyzat a hat\u00e1lyos magyarorsz\u00e1gi t\u00f6rv\u00e9nyek \u00e9s a GDPR el\u0151\u00edr\u00e1sai alapj\u00e1n k\u00e9sz\u00fclt.<\/p>\n<p>&nbsp;<\/p>\n<p><!-- \/divi:paragraph -->[\/et_pb_text][et_pb_text _builder_version=&#8221;4.24.0&#8243; _module_preset=&#8221;default&#8221; header_2_font=&#8221;|700|||||||&#8221; header_2_text_color=&#8221;#c7244a&#8221; header_2_font_size=&#8221;18px&#8221; header_3_font=&#8221;|700|||||||&#8221; header_3_text_color=&#8221;#c7244a&#8221; header_3_font_size=&#8221;16px&#8221; global_colors_info=&#8221;%91%93&#8243; theme_builder_area=&#8221;post_content&#8221;]<\/p>\n<h2 class=\"wp-block-heading\" id=\"1-milyen-adatokat-gyujtunk\">I. Milyen adatokat gy\u0171jt\u00fcnk?<\/h2>\n<ul>\n<li>Vezet\u00e9kn\u00e9v<\/li>\n<li>Keresztn\u00e9v<\/li>\n<li>Email c\u00edm<\/li>\n<li>Sz\u00e1ml\u00e1z\u00e1si c\u00edm<\/li>\n<\/ul>\n<h3 class=\"wp-block-heading\" id=\"milyen-adatokat-nem-gyujt-a-navigator-a-megrendelokrol\" data-id=\"articleTOC_4\">Milyen adatokat NEM gy\u0171jt\u00fcnk?<\/h3>\n<p>A megrendel\u0151 bankk\u00e1rtya-adatait<span>\u00a0<\/span><strong>soha nem t\u00e1rolja el az adatb\u00e1zisunk<\/strong>. Ezek az adatok mindig a fizet\u00e9si kapu rendszer\u00e9ben ker\u00fclnek elt\u00e1rol\u00e1sra \u2013 azok t\u00e1rol\u00e1si m\u00f3dj\u00e1r\u00f3l a fizet\u00e9si kapu \u00fczemeltet\u0151je tud t\u00e1j\u00e9koztat\u00e1st adni.<\/p>\n<h3 class=\"wp-block-heading\" id=\"1-b-hirlevel-feliratkozasok\">1.1 H\u00edrlev\u00e9l feliratkoz\u00e1sok<\/h3>\n<p>Amikor a Felhaszn\u00e1l\u00f3 kit\u00f6lti \u00e9s bek\u00fcldi a h\u00edrlev\u00e9l feliratkoz\u00f3 \u0171rlapot, egyben hozz\u00e1j\u00e1rul, hogy az \u0171rlapban megadott adatait<span>\u00a0<\/span><em>(n\u00e9v, email c\u00edm)<\/em><span>\u00a0<\/span>t\u00e1roljuk \u00e9s kezelj\u00fck.<\/p>\n<p>A feliratkoz\u00e1s k\u00e9tl\u00e9pcs\u0151s rendszerben<span>\u00a0<\/span><em>(dupla opt-in)<\/em><span>\u00a0<\/span>t\u00f6rt\u00e9nik. Ez a gyakorlatban azt jelenti, hogy az adatok megad\u00e1sa ut\u00e1n k\u00fcld\u00fcnk egy emailt, amelyben a Felhaszn\u00e1l\u00f3 egy meger\u0151s\u00edt\u0151 linket tal\u00e1l. A feliratkoz\u00e1s akkor v\u00e1lik v\u00e9glegess\u00e9, miut\u00e1n Felhaszn\u00e1l\u00f3 a meger\u0151s\u00edt\u0151 linkre kattintott.<\/p>\n<p>A h\u00edrlev\u00e9l-feliratkoz\u00e1si adatok feldolgoz\u00e1s\u00e1hoz, t\u00e1rol\u00e1s\u00e1hoz k\u00fcls\u0151 szolg\u00e1ltat\u00f3t<span>\u00a0<\/span><em>(H\u00edrlev\u00e9l-kezel\u0151t)<\/em><span>\u00a0<\/span>vesz\u00fcnk ig\u00e9nybe, amely fel\u00e9 az adat\u00e1tvitelt titkos\u00edtott csatorn\u00e1n<span>\u00a0<\/span><em>(HTTPS)<\/em><span>\u00a0<\/span>\u00e9s titkos\u00edtott kulccsal ell\u00e1tott fel\u00fcleten<span>\u00a0<\/span><em>(API)<\/em><span>\u00a0<\/span>v\u00e9gezz\u00fck.<\/p>\n<h3 class=\"wp-block-heading\" id=\"1-c-kapcsolati-urlap\">1.2 Kapcsolati \u0170rlap<\/h3>\n<p>A kapcsolati \u0171rlapon megadott adatokat<span>\u00a0<\/span><em>(n\u00e9v, email c\u00edm, \u0171rlap tartalma, egy\u00e9b adatok)<\/em><span>\u00a0<\/span>adatb\u00e1zisunkban let\u00e1roljuk a k\u00e9s\u0151bbi k\u00f6nnyebb visszakereshet\u0151s\u00e9g \u00e9rdek\u00e9ben. A let\u00e1rolt adatokat a felhaszn\u00e1l\u00f3 k\u00e9r\u00e9s\u00e9re t\u00f6r\u00f6lj\u00fck a Webhely adatb\u00e1zis\u00e1b\u00f3l.<\/p>\n<h3 class=\"wp-block-heading\" id=\"1-d-piackutatasi-adatok\">1.3 Piackutat\u00e1si adatok<\/h3>\n<p>A piackutat\u00e1si tev\u00e9kenys\u00e9g azt a c\u00e9lt szolg\u00e1lja, hogy min\u00e9l jobban megismerhess\u00fck a c\u00e9lcsoportunk \u00e9s a felhaszn\u00e1l\u00f3ink szok\u00e1sait.<\/p>\n<p>Id\u0151nk\u00e9nt k\u00e9rd\u0151\u00edves piackutat\u00e1sokat v\u00e9gz\u00fcnk, amely sor\u00e1n k\u00fcls\u0151 \u0171rlap-szolg\u00e1ltat\u00e1st<span>\u00a0<\/span><em>(pl. Google Forms)<\/em><span>\u00a0<\/span>is ig\u00e9nybe vesz\u00fcnk. Ebben az esetben, ha szem\u00e9lyes adatot k\u00e9r\u00fcnk a k\u00e9rd\u0151\u00edv sor\u00e1n, annak c\u00e9lj\u00e1t minden esetben a k\u00e9rd\u0151\u00edven felt\u00fcntetj\u00fck.<\/p>\n<p>Ezekben az esetekben k\u00fcl\u00f6n\u00f6s figyelemmel j\u00e1runk el, hogy a k\u00e9rd\u0151\u00edv c\u00e9lj\u00e1hoz sz\u00fcks\u00e9gesen csak minim\u00e1lis szem\u00e9lyes adatot k\u00e9rj\u00fcnk el<span>\u00a0<\/span><em>(pl. v\u00e1laszad\u00e1s ig\u00e9nyl\u00e9se eset\u00e9n email c\u00edm)<\/em><span>\u00a0<\/span>\u00e9s ezek megad\u00e1s\u00e1t is \u2013 ahol lehets\u00e9ges \u2013 nem tessz\u00fck k\u00f6telez\u0151v\u00e9. A k\u00e9rd\u0151\u00edvek kit\u00f6lt\u00e9se minden esetben \u00f6nk\u00e9ntes, senkinek nem korl\u00e1tozzuk a szoftverhez val\u00f3 hozz\u00e1f\u00e9r\u00e9s\u00e9t nem-kit\u00f6lt\u00e9s eset\u00e9n.<\/p>\n<h3 class=\"wp-block-heading\" id=\"1-e-analitika\">1.4 Analitika<\/h3>\n<p>A Webhely a Google Analytics szoftver seg\u00edts\u00e9g\u00e9vel adatokat gy\u0171jt arr\u00f3l, hogy a felhaszn\u00e1l\u00f3k hogyan haszn\u00e1lj\u00e1k mag\u00e1t a Webhelyet, milyen oldalakat l\u00e1togatnak rajta \u00e9s milyen interakci\u00f3kat hajtanak v\u00e9gre az oldalainkon. Ezeket az adatokat anonim m\u00f3don gy\u0171jtj\u00fck, \u00fagy, hogy \u00e1ltaluk nem beazonos\u00edthat\u00f3, hogy pontosan mely szem\u00e9ly hajtotta v\u00e9gre a k\u00e9rd\u00e9ses interakci\u00f3kat.<\/p>\n<p>Az analitikai adatok gy\u0171jt\u00e9s\u00e9nek a c\u00e9lja az, hogy jobban meg\u00e9rts\u00fck, l\u00e1togat\u00f3ink hogyan haszn\u00e1lj\u00e1k a Webhelyet, ez\u00e1ltal a k\u00e9s\u0151bbi fejleszt\u00e9seket c\u00e9lir\u00e1nyosan az \u0151 felhaszn\u00e1l\u00f3i szok\u00e1saiknak megfelel\u0151en tudjuk v\u00e9grehajtani. A Google \u00e1ltal alkalmazott cookie-kr\u00f3l, adatgy\u0171jt\u00e9si m\u00f3dokr\u00f3l b\u0151vebben t\u00e1j\u00e9koz\u00f3dhatsz itt:<span>\u00a0<\/span><a href=\"https:\/\/policies.google.com\/privacy?hl=hu\" target=\"_blank\" rel=\"noreferrer noopener\">https:\/\/policies.google.com\/privacy?hl=hu<\/a><\/p>\n<h2><\/h2>\n<h2>II. A Webhely \u00e1ltal gy\u0171jt\u00f6tt adatok kezel\u00e9s\u00e9vel kapcsolatos tudnival\u00f3k<\/h2>\n<p>&nbsp;<\/p>\n<h3 class=\"wp-block-heading\" id=\"2-a-milyen-hosszan-taroljuk-az-adataidat\">2.1 Milyen hosszan t\u00e1roljuk az adataidat?<\/h3>\n<p>Ha a felhaszn\u00e1l\u00f3 k\u00f6zz\u00e9tesz egy kommentet, a komment \u00e9s a hozz\u00e1 kapcsol\u00f3d\u00f3 meta-adatok hat\u00e1rozatlan ideig a Webhelyen maradnak. Ennek seg\u00edts\u00e9g\u00e9vel automatikusan felismerhetj\u00fck \u00e9s elfogadhatjuk a felhaszn\u00e1l\u00f3 tov\u00e1bbi kommentjeit ahelyett, hogy minden esetben egy moder\u00e1tornak el kelljen azokat fogadnia.<\/p>\n<p>H\u00edrlev\u00e9l-feliratkoz\u00e1s eset\u00e9n a Felhaszn\u00e1l\u00f3 adatait a H\u00edrlev\u00e9l-kezel\u0151 szolg\u00e1ltat\u00f3 hat\u00e1rozatlan ideig t\u00e1rolja. Ezeket az adatait Felhaszn\u00e1l\u00f3 b\u00e1rmikor t\u00f6r\u00f6lheti a h\u00edrlevelek alj\u00e1n tal\u00e1lhat\u00f3 leiratkoz\u00e1s link seg\u00edts\u00e9g\u00e9vel.<\/p>\n<p>A v\u00e1s\u00e1rl\u00f3i \u00e9s sz\u00e1ml\u00e1z\u00e1si adatokat a Magyarorsz\u00e1gon jelenleg hat\u00e1lyos jogszab\u00e1lyok szerint 8 \u00e9vig t\u00e1roljuk, ezut\u00e1n anonimiz\u00e1l\u00e1sra ker\u00fclnek.<\/p>\n<p>A kapcsolati \u0171rlapon kereszt\u00fcl megadott adatokat szint\u00e9n 8 \u00e9ven kereszt\u00fcl t\u00e1roljuk, mivel ezek egyes sz\u00e1ml\u00e1k vagy szerz\u0151d\u00e9sekhez kapcsol\u00f3d\u00f3 adatok lehetnek. Ezut\u00e1n t\u00f6rl\u00e9sre vagy anonimiz\u00e1l\u00e1sra ker\u00fclnek.<\/p>\n<h3 class=\"wp-block-heading\" id=\"2-b-felhasznalo-jogai-az-adatai-felett\">2.2 Felhaszn\u00e1l\u00f3 jogai az adatai felett<\/h3>\n<p>Amennyiben Felhaszn\u00e1l\u00f3nak van felhaszn\u00e1l\u00f3i fi\u00f3kja a Webhelyen vagy l\u00e9trehozott rajta b\u00e1rmilyen tartalmat, k\u00e9r\u00e9s\u00e9re k\u00fcld\u00fcnk sz\u00e1m\u00e1ra egy export\u00e1lt f\u00e1jlt mindazon adatokr\u00f3l, amelyeket r\u00f3la t\u00e1rolunk.<\/p>\n<p>Felhaszn\u00e1l\u00f3i k\u00e9r\u00e9s eset\u00e9n t\u00f6r\u00f6lhet\u00fcnk minden szem\u00e9lyes adatot, amit a Felhaszn\u00e1l\u00f3r\u00f3l t\u00e1rolunk. Ebbe a t\u00f6rl\u00e9sbe nem tartoznak bele mindazon adatok, amelyeket adminisztr\u00e1ci\u00f3s, jogi vagy adatbiztons\u00e1gi k\u00f6teless\u00e9g\u00fcnk megtartani.<\/p>\n<p>A t\u00f6rl\u00e9ssel vagy adatexport\u00e1l\u00e1ssal kapcsolatos k\u00e9r\u00e9seket a lentebb ismertetett,<span>\u00a0<\/span><em>\u201eA Szolg\u00e1ltat\u00f3 adatai\u201d<\/em><span>\u00a0<\/span>r\u00e9szben tal\u00e1lhat\u00f3 el\u00e9rhet\u0151s\u00e9geken lehet kezdem\u00e9nyezni.<\/p>\n<h3 class=\"wp-block-heading\" id=\"2-c-ahova-elkuldhetjuk-a-felhasznalo-adatait\">2.3 Ahov\u00e1 elk\u00fcldhetj\u00fck a Felhaszn\u00e1l\u00f3 adatait<\/h3>\n<p>H\u00edrlev\u00e9l-feliratkoz\u00e1s eset\u00e9n a H\u00edrlev\u00e9l-kezel\u0151 szolg\u00e1ltat\u00f3<span>\u00a0<\/span><em>(Mailchimp)<\/em><span>\u00a0<\/span>r\u00e9sz\u00e9re elk\u00fcldj\u00fck a<span>\u00a0<\/span><em>\u201eMilyen adatokat gy\u0171jt\u00fcnk? \u00bb H\u00edrlev\u00e9l feliratkoz\u00e1sok\u201d<\/em><span>\u00a0<\/span>r\u00e9szben felt\u00fcntetett adataidat.<\/p>\n<h2 class=\"wp-block-heading\" id=\"3-cookie-k\">III. &#8222;S\u00fctik&#8221; &#8211; Cookie-k<\/h2>\n<p>Amennyiben Felhaszn\u00e1l\u00f3 hozz\u00e1sz\u00f3l egy tartalomhoz a Webhelyen, v\u00e1laszthatja azt az opci\u00f3t, hogy az \u0171rlap megjegyezze a nev\u00e9t, email c\u00edm\u00e9t \u00e9s a weboldala c\u00edm\u00e9t cookie-k\u00e9nt. Ez a cookie a Felhaszn\u00e1l\u00f3 k\u00e9nyelm\u00e9t szolg\u00e1lja, hogy ne kelljen ezeket az adatokat \u00fajra megadnia a k\u00f6vetkez\u0151 hozz\u00e1sz\u00f3l\u00e1sn\u00e1l. Ezek a cookie-k 1 \u00e9vig ker\u00fclnek let\u00e1rol\u00e1sra. <a href=\"https:\/\/erzelemsuli.hu\/suti-szabalyzat\/\" target=\"_blank\" rel=\"noopener\">A S\u00fcti Szab\u00e1lyzat itt \u00e9rhet\u0151 el.<\/a><\/p>\n<p>Let\u00f6lthet\u0151 anyagok v\u00e1s\u00e1rl\u00e1sa eset\u00e9n ezekhez a hozz\u00e1f\u00e9r\u00e9st jelsz\u00f3val v\u00e9dett oldalakon biztos\u00edtjuk. Ezen oldalakon a felhaszn\u00e1l\u00f3k azonos\u00edt\u00e1s\u00e1hoz cookie-kat haszn\u00e1lunk.<\/p>\n<h2 class=\"wp-block-heading\" id=\"4-mas-weboldalakrol-beillesztett-tartalom\">VI. M\u00e1s weboldalakr\u00f3l beillesztett tartalom<\/h2>\n<h3 class=\"wp-block-heading\" id=\"4-a-kulso-weboldalak-beepulo-moduljai-pl-iframe-ek\">4.1 K\u00fcls\u0151 weboldalak be\u00e9p\u00fcl\u0151 moduljai<span>\u00a0<\/span><em>(pl. iframe-ek)<\/em><\/h3>\n<p>A Webhely aloldalai tartalmazhatnak m\u00e1s weboldalakr\u00f3l beillesztett tartalmat \u00fan. iframe-ek seg\u00edts\u00e9g\u00e9vel<span>\u00a0<\/span><em>(bankk\u00e1rtya adatbeviteli mez\u0151k, vide\u00f3k, k\u00e9pek, t\u00e9rk\u00e9pek, k\u00f6z\u00f6ss\u00e9gi widget-ek, stb.)<\/em>. Ezek a tartalmak \u00fagy viselkednek a Webhelyen, mintha a l\u00e1togat\u00f3 ezt a k\u00fcls\u0151 weboldalt l\u00e1togatn\u00e1 meg k\u00f6zvetlen\u00fcl.<\/p>\n<p>Ezen k\u00fcls\u0151 weboldalak gy\u0171jthetnek adatokat a Felhaszn\u00e1l\u00f3r\u00f3l, haszn\u00e1lhatnak cookie-kat, harmadik f\u00e9l \u00e1ltal szolg\u00e1ltatott k\u00f6vet\u0151k\u00f3dokat \u00e9s figyelhetik, Felhaszn\u00e1l\u00f3 hogyan haszn\u00e1lja ezt a be\u00e9p\u00edtett tartalmat. Ebbe bele\u00e9rtend\u0151 az is, amilyen adatokat egy\u00e9bk\u00e9nt is gy\u0171jtene Felhaszn\u00e1l\u00f3r\u00f3l a be\u00e9p\u00fcl\u0151 tartalmat szolg\u00e1ltat\u00f3 weboldal, amennyiben be van n\u00e1luk jelentkezve.<\/p>\n<h3 class=\"wp-block-heading\" id=\"4-b-facebook-pixel\">4.2 Facebook pixel<\/h3>\n<p>A Webhely tartalmaz \u00fan. Facebook pixelt annak \u00e9rdek\u00e9ben, hogy a k\u00e9s\u0151bbiekben a l\u00e1togat\u00f3inknak c\u00e9lzott<span>\u00a0<\/span><em>(\u00fan. remarketing)<\/em><span>\u00a0<\/span>hirdet\u00e9seket jelentess\u00fcnk meg a Facebook id\u0151vonalukon. Ennek kapcs\u00e1n a l\u00e1togat\u00f3t a Facebook hirdet\u00e9si fel\u00fclet\u00e9n c\u00e9lcsoportk\u00e9nt kezelhetj\u00fck, illetve a l\u00e1togat\u00e1s\u00e1r\u00f3l \u00e9s esetleges v\u00e1s\u00e1rl\u00e1sair\u00f3l anonim m\u00f3don statisztik\u00e1kat k\u00e9sz\u00edthet\u00fcnk a Facebook hirdet\u00e9si fel\u00fclete seg\u00edts\u00e9g\u00e9vel.<\/p>\n<p>Amennyiben nem szeretn\u00e9d, hogy Facebook hirdet\u00e9seket jelen\u00edts\u00fcnk meg sz\u00e1modra a Facebook id\u0151vonaladon, ezt a<span>\u00a0<\/span><a href=\"https:\/\/www.facebook.com\/ads\/preferences\/?entry_product=ad_settings_screen\" target=\"_blank\" rel=\"noreferrer noopener\">https:\/\/www.facebook.com\/ads\/preferences\/?entry_product=ad_settings_screen<\/a><span>\u00a0<\/span>linken lehet be\u00e1ll\u00edtani.<\/p>\n<h2 class=\"wp-block-heading\" id=\"6-adatfeldolgozok\">V. Adatfeldolgoz\u00f3k<\/h2>\n<p>&nbsp;<\/p>\n<h3 class=\"wp-block-heading\" id=\"a-tarhelyszolgaltato-adatai\">A t\u00e1rhelyszolg\u00e1ltat\u00f3 adatai:<\/h3>\n<ul>\n<li>Neve: Mediacenter Hungary Kft.<\/li>\n<li>Sz\u00e9khelye: 6000 Kecskem\u00e9t, Erkel Ferenc utca 5<\/li>\n<li>Ad\u00f3sz\u00e1ma: 13922546-2-03<\/li>\n<li>Weboldala: https:\/\/www.mediacenter.hu<\/li>\n<li>Telefonsz\u00e1ma: +36 21 201 0505<\/li>\n<li>Adatv\u00e9delmi T\u00e1j\u00e9koztat\u00f3ja: <a href=\"https:\/\/www.mediacenter.hu\/doc\/adatvedelmi_szabalyzat.pdf\">https:\/\/www.mediacenter.hu\/doc\/adatvedelmi_szabalyzat.pdf<\/a><\/li>\n<\/ul>\n<h3 class=\"wp-block-heading\" id=\"a-tarhelyszolgaltato-adatai\">A Fiet\u00e9si kaput kezel\u0151 Szolg\u00e1ltat\u00f3 adatai:<\/h3>\n<ul>\n<li>Neve: Barion Payment Zrt.<\/li>\n<li>Sz\u00e9khelye: 1117 Budapest, Irinyi J\u00f3zsef utca 4-20. 2. emelet<\/li>\n<li>Ad\u00f3sz\u00e1ma: 25353192-2-43<\/li>\n<li>Weboldala: https:\/\/www.barion.com<\/li>\n<li>Telefonsz\u00e1ma: +36 1 464 7099<\/li>\n<li>Adatv\u00e9delmi T\u00e1j\u00e9koztat\u00f3ja: https:\/\/www.barion.com\/hu\/adatvedelmi-tajekoztato\/<\/li>\n<\/ul>\n<h3 class=\"wp-block-heading\" id=\"a-tarhelyszolgaltato-adatai\">A sz\u00e1ml\u00e1z\u00e1st kezel\u0151 Szolg\u00e1ltat\u00f3 adatai:<\/h3>\n<ul>\n<li>Neve: KBOSS.hu Kereskedelmi \u00e9s Szolg\u00e1ltat\u00f3 Korl\u00e1tolt Felel\u0151ss\u00e9g\u0171 T\u00e1rsas\u00e1g (KBOSS.hu Kft.)<\/li>\n<li>Sz\u00e9khelye: 1031 Budapest, Z\u00e1hony utca 7.<\/li>\n<li>Ad\u00f3sz\u00e1ma: <span>13421739-2-41<\/span><\/li>\n<li>Weboldala: https:\/\/www.szamlazz.hu<\/li>\n<li>Telefonsz\u00e1ma: +36 1 391 1400<\/li>\n<li>Adatv\u00e9delmi T\u00e1j\u00e9koztat\u00f3ja: https:\/\/www.szamlazz.hu\/adatvedelem\/<\/li>\n<\/ul>\n<h3 class=\"wp-block-heading\"><\/h3>\n<h3 class=\"wp-block-heading\" id=\"a-hirlevel-kezelo-adatai\">A h\u00edrlev\u00e9l-kezel\u0151 adatai 1.:<\/h3>\n<ul>\n<li>Neve: The Rocket Science Group LLC<\/li>\n<li>Sz\u00e9khelye: 675 Ponce de Leon Ave NE, Suite 5000, Atlanta, GA 30308 USA<\/li>\n<li>Weboldala: https:\/\/mailchimp.com<\/li>\n<li>Adatv\u00e9delmi T\u00e1j\u00e9koztat\u00f3ja: https:\/\/mailchimp.com\/legal\/privacy\/<\/li>\n<\/ul>\n<h3 class=\"wp-block-heading\"><\/h3>\n<h3 class=\"wp-block-heading\" id=\"a-hirlevel-kezelo-adatai\">A h\u00edrlev\u00e9l-kezel\u0151 adatai 2.:<\/h3>\n<ul>\n<li>Neve: <span>Sumo Group, Inc., a Delaware corporation d\/b\/a SendFox<\/span><\/li>\n<li>Sz\u00e9khelye: <span>1305 E. 6th St. Suite 3\u2028Austin, TX 78702<\/span>\u00a0USA<\/li>\n<li>Weboldala: https:\/\/sendfox.com<\/li>\n<li>Adatv\u00e9delmi T\u00e1j\u00e9koztat\u00f3ja: https:\/\/sendfox.com\/privacy<\/li>\n<\/ul>\n<h3 class=\"wp-block-heading\" id=\"az-email-kezbesito-adatai\">Az email k\u00e9zbes\u00edt\u0151 adatai:<\/h3>\n<ul>\n<li>Neve: SendGrid (Twilio Inc.)<\/li>\n<li>Sz\u00e9khelye: 375 Beale Street, Suite 300, San Francisco, CA 94105, USA<\/li>\n<li>Weboldala: https:\/\/sendgrid.com<\/li>\n<li>Adatv\u00e9delmi T\u00e1j\u00e9koztat\u00f3ja: https:\/\/www.twilio.com\/legal\/privacy<\/li>\n<\/ul>\n<h3 class=\"wp-block-heading\" id=\"a-kerdoives-piackutatashoz-hasznalt-szoftver-keszitojenek-adatai\">A k\u00e9rd\u0151\u00edves piackutat\u00e1shoz haszn\u00e1lt szoftver k\u00e9sz\u00edt\u0151j\u00e9nek adatai:<\/h3>\n<ul>\n<li>Neve: Google LLC<\/li>\n<li>Sz\u00e9khelye: 1600 Amphitheatre Parkway, Mountain View, CA 94043, USA<\/li>\n<li>Weboldala: https:\/\/google.com<\/li>\n<li>Adatv\u00e9delmi T\u00e1j\u00e9koztat\u00f3ja: https:\/\/policies.google.com\/privacy?fg=1<\/li>\n<\/ul>\n<h3 class=\"wp-block-heading\" id=\"facebook-pixel\">Facebook pixel<\/h3>\n<ul>\n<li>Szolg\u00e1ltat\u00f3 neve: Facebook Ireland Ltd<\/li>\n<li>Sz\u00e9khelye: 4 Grand Canal Square, Grand Canal Harbour, Dublin 2, \u00cdrorsz\u00e1g<\/li>\n<li>Weboldala: https:\/\/www.facebook.com<\/li>\n<li>Adatv\u00e9delmi nyilatkozata: <a href=\"https:\/\/www.facebook.com\/policy.php\">https:\/\/www.facebook.com\/policy.php<\/a><\/li>\n<\/ul>\n<p>&nbsp;<\/p>\n<h2 class=\"wp-block-heading\" id=\"7-tovabbi-informaciok\">VII. Tov\u00e1bbi inform\u00e1ci\u00f3k<\/h2>\n<h3 class=\"wp-block-heading\" id=\"7-a-hogyan-vedjuk-a-felhasznaloink-adatait\">7.1 Hogyan v\u00e9dj\u00fck a felhaszn\u00e1l\u00f3ink adatait<\/h3>\n<p>A Webhely minden olyan m\u0171veletet, amelyet a k\u00fclvil\u00e1ggal folytat, titkos\u00edtott, HTTPS csatorna haszn\u00e1lat\u00e1val v\u00e9gzi. Adatb\u00e1zisunk jelsz\u00f3val v\u00e9dett \u00e9s a benne t\u00e1rolt adatok a kor k\u00f6vetelm\u00e9nyeinek megfelel\u0151 technol\u00f3gi\u00e1kkal vannak v\u00e9dve.<\/p>\n<h3 class=\"wp-block-heading\" id=\"7-b-mit-teszunk-adatvesztes-adatlopas-eseten\">7.2 Mit tesz\u00fcnk adatveszt\u00e9s, adatlop\u00e1s eset\u00e9n<\/h3>\n<p>A GDPR szab\u00e1lyoz\u00e1s\u00e1nak megfelel\u0151en, amennyiben adatveszt\u00e9s, vagy adatlop\u00e1s t\u00f6rt\u00e9nt a Webhelyen \u00e9s az a Szolg\u00e1ltat\u00f3 tudom\u00e1s\u00e1ra jut, azt 72 \u00f3r\u00e1n bel\u00fcl a Szolg\u00e1ltat\u00f3 bejelenti a Nemzeti Adatv\u00e9delmi \u00e9s Inform\u00e1ci\u00f3szabads\u00e1g Hat\u00f3s\u00e1g (NAIH) fel\u00e9.<\/p>\n<p><strong><em>Hat\u00e1lyos: 2024. janu\u00e1r 16. napj\u00e1t\u00f3l a k\u00f6vetkez\u0151 m\u00f3dos\u00edt\u00e1sig vagy visszavon\u00e1sig.<\/em><\/strong><\/p>\n<p>[\/et_pb_text][et_pb_code _builder_version=&#8221;4.23.4&#8243; _module_preset=&#8221;default&#8221; global_colors_info=&#8221;{}&#8221; theme_builder_area=&#8221;post_content&#8221;][\/et_pb_code][\/et_pb_column][\/et_pb_row][\/et_pb_section]<\/p>\n","protected":false},"excerpt":{"rendered":"<p>Adatv\u00e9delmi Szab\u00e1lyzat Hat\u00e1lyos d\u00e1tum: 2024. janu\u00e1r 16.Utols\u00f3 friss\u00edt\u00e9s: 2024. janu\u00e1r 16.A jelen adatv\u00e9delmi szab\u00e1lyzat aC\u00e9gn\u00e9v: Mind Bridge\u00a0Kft.,Sz\u00e9khely: Magyarorsz\u00e1g, 8142 \u00darhida, Szegf\u0171 utca 13\/2E-mail: hello@erzelemsuli.hu,Telefon: +36204679022Weboldalunk ( https:\/\/erzelemsuli.hu )haszn\u00e1lata sor\u00e1n gy\u0171jt\u00f6tt adatainak gy\u0171jt\u00e9s\u00e9re, felhaszn\u00e1l\u00e1s\u00e1ra \u00e9s k\u00f6zz\u00e9t\u00e9tel\u00e9re vonatkoz\u00f3an. (a &#8222;Szolg\u00e1ltat\u00e1s&#8221;). A Szolg\u00e1ltat\u00e1shoz val\u00f3 hozz\u00e1f\u00e9r\u00e9ssel vagy annak haszn\u00e1lat\u00e1val \u00d6n beleegyez\u00e9s\u00e9t adja az \u00d6n adatainak a jelen Adatv\u00e9delmi Szab\u00e1lyzatnak [&hellip;]<\/p>\n","protected":false},"author":1,"featured_media":0,"parent":0,"menu_order":0,"comment_status":"closed","ping_status":"closed","template":"","meta":{"_et_pb_use_builder":"on","_et_pb_old_content":"","_et_gb_content_width":"","footnotes":""},"class_list":["post-229766","page","type-page","status-publish","hentry"],"_links":{"self":[{"href":"https:\/\/mindbridge.hu\/en\/wp-json\/wp\/v2\/pages\/229766","targetHints":{"allow":["GET"]}}],"collection":[{"href":"https:\/\/mindbridge.hu\/en\/wp-json\/wp\/v2\/pages"}],"about":[{"href":"https:\/\/mindbridge.hu\/en\/wp-json\/wp\/v2\/types\/page"}],"author":[{"embeddable":true,"href":"https:\/\/mindbridge.hu\/en\/wp-json\/wp\/v2\/users\/1"}],"replies":[{"embeddable":true,"href":"https:\/\/mindbridge.hu\/en\/wp-json\/wp\/v2\/comments?post=229766"}],"version-history":[{"count":3,"href":"https:\/\/mindbridge.hu\/en\/wp-json\/wp\/v2\/pages\/229766\/revisions"}],"predecessor-version":[{"id":229769,"href":"https:\/\/mindbridge.hu\/en\/wp-json\/wp\/v2\/pages\/229766\/revisions\/229769"}],"wp:attachment":[{"href":"https:\/\/mindbridge.hu\/en\/wp-json\/wp\/v2\/media?parent=229766"}],"curies":[{"name":"wp","href":"https:\/\/api.w.org\/{rel}","templated":true}]}}